{"id":261,"date":"2024-09-01T17:50:38","date_gmt":"2024-09-01T15:50:38","guid":{"rendered":"https:\/\/www.camille-et-mathieu.fr\/site\/?page_id=261"},"modified":"2024-09-01T18:01:35","modified_gmt":"2024-09-01T16:01:35","slug":"jeu-des-12-recettes","status":"publish","type":"page","link":"https:\/\/www.camille-et-mathieu.fr\/site\/jeu-des-12-recettes\/","title":{"rendered":"Jeu des 12 Recettes"},"content":{"rendered":"\n<p>Comme vous le savez, pendant la soir\u00e9e de mariage, 12 invit\u00e9s tr\u00e8s chanceux ont gagn\u00e9 le droit de nous envoyer une recette de cuisine ou de patisserie, que nous aurons le plaisir de concocter et d\u00e9guster en famille. Nous mettrons \u00e0 jour cette page au fil des mois pour vous montrer le r\u00e9sultat ! <\/p>\n\n\n\n<p><\/p>\n\n\n\n<h2 class=\"wp-block-heading\">Ao\u00fbt 2024 &#8211; G\u00e2teau Breton<\/h2>\n\n\n\n<p>Pour cette premi\u00e8re experience, direction la Bretagne avec Maryvonne et Pierre qui nous ont envoy\u00e9 cette recette, quelque peu calorique, mais parfaite pour un go\u00fbter en famille ! <\/p>\n\n\n\n<p>Une r\u00e9ussite pour cette premi\u00e8re recette, mais je vais continuer de m&#8217;entrainer pour le concours mondial : <a href=\"https:\/\/www.letelegramme.fr\/finistere\/quimper-29000\/gwenvael-moel-de-begard-remporte-le-concours-du-meilleur-gateau-breton-6609700.php\">Gwenvael Mo\u00ebl, de B\u00e9gard, remporte le concours du meilleur g\u00e2teau breton<\/a><\/p>\n\n\n\n<figure class=\"wp-block-gallery has-nested-images columns-default is-cropped wp-block-gallery-1 is-layout-flex wp-block-gallery-is-layout-flex\">\n<figure class=\"wp-block-image size-large\"><img loading=\"lazy\" decoding=\"async\" width=\"768\" height=\"1024\" data-id=\"263\" src=\"https:\/\/www.camille-et-mathieu.fr\/site\/wp-content\/uploads\/2024\/09\/photo_2024-09-01-17.43.47-768x1024.jpeg\" alt=\"\" class=\"wp-image-263\" srcset=\"https:\/\/www.camille-et-mathieu.fr\/site\/wp-content\/uploads\/2024\/09\/photo_2024-09-01-17.43.47-768x1024.jpeg 768w, https:\/\/www.camille-et-mathieu.fr\/site\/wp-content\/uploads\/2024\/09\/photo_2024-09-01-17.43.47-225x300.jpeg 225w, https:\/\/www.camille-et-mathieu.fr\/site\/wp-content\/uploads\/2024\/09\/photo_2024-09-01-17.43.47-45x60.jpeg 45w, https:\/\/www.camille-et-mathieu.fr\/site\/wp-content\/uploads\/2024\/09\/photo_2024-09-01-17.43.47.jpeg 960w\" sizes=\"(max-width: 768px) 100vw, 768px\" \/><\/figure>\n\n\n\n<figure class=\"wp-block-image size-large\"><img loading=\"lazy\" decoding=\"async\" width=\"768\" height=\"1024\" data-id=\"262\" src=\"https:\/\/www.camille-et-mathieu.fr\/site\/wp-content\/uploads\/2024\/09\/photo_2024-09-01-17.43.43-768x1024.jpeg\" alt=\"\" class=\"wp-image-262\" srcset=\"https:\/\/www.camille-et-mathieu.fr\/site\/wp-content\/uploads\/2024\/09\/photo_2024-09-01-17.43.43-768x1024.jpeg 768w, https:\/\/www.camille-et-mathieu.fr\/site\/wp-content\/uploads\/2024\/09\/photo_2024-09-01-17.43.43-225x300.jpeg 225w, https:\/\/www.camille-et-mathieu.fr\/site\/wp-content\/uploads\/2024\/09\/photo_2024-09-01-17.43.43-45x60.jpeg 45w, https:\/\/www.camille-et-mathieu.fr\/site\/wp-content\/uploads\/2024\/09\/photo_2024-09-01-17.43.43.jpeg 960w\" sizes=\"(max-width: 768px) 100vw, 768px\" \/><\/figure>\n\n\n\n<figure class=\"wp-block-image size-large\"><img loading=\"lazy\" decoding=\"async\" width=\"768\" height=\"1024\" data-id=\"264\" src=\"https:\/\/www.camille-et-mathieu.fr\/site\/wp-content\/uploads\/2024\/09\/photo_2024-09-01-17.43.45-768x1024.jpeg\" alt=\"\" class=\"wp-image-264\" srcset=\"https:\/\/www.camille-et-mathieu.fr\/site\/wp-content\/uploads\/2024\/09\/photo_2024-09-01-17.43.45-768x1024.jpeg 768w, https:\/\/www.camille-et-mathieu.fr\/site\/wp-content\/uploads\/2024\/09\/photo_2024-09-01-17.43.45-225x300.jpeg 225w, https:\/\/www.camille-et-mathieu.fr\/site\/wp-content\/uploads\/2024\/09\/photo_2024-09-01-17.43.45-45x60.jpeg 45w, https:\/\/www.camille-et-mathieu.fr\/site\/wp-content\/uploads\/2024\/09\/photo_2024-09-01-17.43.45.jpeg 960w\" sizes=\"(max-width: 768px) 100vw, 768px\" \/><\/figure>\n<\/figure>\n","protected":false},"excerpt":{"rendered":"<p>Comme vous le savez, pendant la soir\u00e9e de mariage, 12 invit\u00e9s tr\u00e8s chanceux ont gagn\u00e9 le droit de nous envoyer une recette de cuisine ou de patisserie, que nous aurons le plaisir de concocter et d\u00e9guster en famille. Nous mettrons \u00e0 jour cette page au fil des mois pour vous montrer le r\u00e9sultat ! Ao\u00fbt &hellip; <\/p>\n","protected":false},"author":1,"featured_media":0,"parent":0,"menu_order":0,"comment_status":"closed","ping_status":"closed","template":"","meta":{"footnotes":""},"_links":{"self":[{"href":"https:\/\/www.camille-et-mathieu.fr\/site\/wp-json\/wp\/v2\/pages\/261"}],"collection":[{"href":"https:\/\/www.camille-et-mathieu.fr\/site\/wp-json\/wp\/v2\/pages"}],"about":[{"href":"https:\/\/www.camille-et-mathieu.fr\/site\/wp-json\/wp\/v2\/types\/page"}],"author":[{"embeddable":true,"href":"https:\/\/www.camille-et-mathieu.fr\/site\/wp-json\/wp\/v2\/users\/1"}],"replies":[{"embeddable":true,"href":"https:\/\/www.camille-et-mathieu.fr\/site\/wp-json\/wp\/v2\/comments?post=261"}],"version-history":[{"count":2,"href":"https:\/\/www.camille-et-mathieu.fr\/site\/wp-json\/wp\/v2\/pages\/261\/revisions"}],"predecessor-version":[{"id":267,"href":"https:\/\/www.camille-et-mathieu.fr\/site\/wp-json\/wp\/v2\/pages\/261\/revisions\/267"}],"wp:attachment":[{"href":"https:\/\/www.camille-et-mathieu.fr\/site\/wp-json\/wp\/v2\/media?parent=261"}],"curies":[{"name":"wp","href":"https:\/\/api.w.org\/{rel}","templated":true}]}}