{"id":41,"date":"2024-02-05T15:56:01","date_gmt":"2024-02-05T14:56:01","guid":{"rendered":"https:\/\/www.camille-et-mathieu.fr\/site\/?page_id=41"},"modified":"2024-07-07T16:27:58","modified_gmt":"2024-07-07T14:27:58","slug":"mairie","status":"publish","type":"page","link":"https:\/\/www.camille-et-mathieu.fr\/site\/mairie\/","title":{"rendered":"Mairie"},"content":{"rendered":"\n<p>Nous vous donnons rendez-vous le 13 juillet 2024, \u00e0 la mairie de Sainte-Maure, 132 route de Mery. <\/p>\n\n\n<div class=\"wp-block-image\">\n<figure class=\"aligncenter size-full is-resized\"><img loading=\"lazy\" decoding=\"async\" width=\"1000\" height=\"750\" src=\"https:\/\/www.camille-et-mathieu.fr\/site\/wp-content\/uploads\/2024\/02\/Sainte-Maure-\u00a9-Mairie-de-Sainte-Maure-1.jpg\" alt=\"\" class=\"wp-image-46\" style=\"width:500px;height:auto\" srcset=\"https:\/\/www.camille-et-mathieu.fr\/site\/wp-content\/uploads\/2024\/02\/Sainte-Maure-\u00a9-Mairie-de-Sainte-Maure-1.jpg 1000w, https:\/\/www.camille-et-mathieu.fr\/site\/wp-content\/uploads\/2024\/02\/Sainte-Maure-\u00a9-Mairie-de-Sainte-Maure-1-300x225.jpg 300w, https:\/\/www.camille-et-mathieu.fr\/site\/wp-content\/uploads\/2024\/02\/Sainte-Maure-\u00a9-Mairie-de-Sainte-Maure-1-768x576.jpg 768w, https:\/\/www.camille-et-mathieu.fr\/site\/wp-content\/uploads\/2024\/02\/Sainte-Maure-\u00a9-Mairie-de-Sainte-Maure-1-80x60.jpg 80w\" sizes=\"(max-width: 1000px) 100vw, 1000px\" \/><\/figure><\/div>\n\n\n<p><\/p>\n\n\n\n<p>Un parking sera \u00e0 votre disposition, en face, en contre-bas de la mairie. Merci de ne pas g\u00eaner la circulation.<\/p>\n\n\n\n<p>La c\u00e9r\u00e9monie d\u00e9butera \u00e0 16 h. <\/p>\n\n\n\n<p><em>N&#8217;h\u00e9sitez pas \u00e0 pr\u00e9voir un quart d&#8217;heure d&#8217;avance dans votre organisation \ud83d\ude42 Le mari\u00e9 devrait \u00eatre l\u00e0 vers 15h45 et la mari\u00e9e est plut\u00f4t du style \u00e0 l&#8217;heure habituellement. <\/em><\/p>\n\n\n\n<p>Attention, le village a \u00e9t\u00e9 renomm\u00e9 <em>(r\u00e9cemment)<\/em>, et on sait pas pour combien de temps <em>(toujours le cas au 7 juillet 2024!)<\/em> : <\/p>\n\n\n\n<figure class=\"wp-block-image size-large is-resized\"><img loading=\"lazy\" decoding=\"async\" width=\"501\" height=\"376\" src=\"https:\/\/www.camille-et-mathieu.fr\/site\/wp-content\/uploads\/2024\/03\/photo_2024-03-17-15.24.09-1-edited.jpeg\" alt=\"\" class=\"wp-image-227\" style=\"width:841px;height:auto\" srcset=\"https:\/\/www.camille-et-mathieu.fr\/site\/wp-content\/uploads\/2024\/03\/photo_2024-03-17-15.24.09-1-edited.jpeg 501w, https:\/\/www.camille-et-mathieu.fr\/site\/wp-content\/uploads\/2024\/03\/photo_2024-03-17-15.24.09-1-edited-300x225.jpeg 300w, https:\/\/www.camille-et-mathieu.fr\/site\/wp-content\/uploads\/2024\/03\/photo_2024-03-17-15.24.09-1-edited-80x60.jpeg 80w\" sizes=\"(max-width: 501px) 100vw, 501px\" \/><\/figure>\n\n\n\n<iframe src=\"https:\/\/www.google.com\/maps\/embed?pb=!1m18!1m12!1m3!1d2651.685987398935!2d4.055884277118474!3d48.3473407365337!2m3!1f0!2f0!3f0!3m2!1i1024!2i768!4f13.1!3m3!1m2!1s0x47eea295526c6c53%3A0x1e62d869880a44f1!2sMairie!5e0!3m2!1sfr!2sfr!4v1707167538018!5m2!1sfr!2sfr\" width=\"600\" height=\"450\" style=\"border:0;\" allowfullscreen=\"\" loading=\"lazy\" referrerpolicy=\"no-referrer-when-downgrade\"><\/iframe>\n\n\n\n<p><\/p>\n","protected":false},"excerpt":{"rendered":"<p>Nous vous donnons rendez-vous le 13 juillet 2024, \u00e0 la mairie de Sainte-Maure, 132 route de Mery. Un parking sera \u00e0 votre disposition, en face, en contre-bas de la mairie. Merci de ne pas g\u00eaner la circulation. La c\u00e9r\u00e9monie d\u00e9butera \u00e0 16 h. N&#8217;h\u00e9sitez pas \u00e0 pr\u00e9voir un quart d&#8217;heure d&#8217;avance dans votre organisation \ud83d\ude42 &hellip; <\/p>\n","protected":false},"author":1,"featured_media":0,"parent":0,"menu_order":0,"comment_status":"closed","ping_status":"closed","template":"","meta":{"footnotes":""},"_links":{"self":[{"href":"https:\/\/www.camille-et-mathieu.fr\/site\/wp-json\/wp\/v2\/pages\/41"}],"collection":[{"href":"https:\/\/www.camille-et-mathieu.fr\/site\/wp-json\/wp\/v2\/pages"}],"about":[{"href":"https:\/\/www.camille-et-mathieu.fr\/site\/wp-json\/wp\/v2\/types\/page"}],"author":[{"embeddable":true,"href":"https:\/\/www.camille-et-mathieu.fr\/site\/wp-json\/wp\/v2\/users\/1"}],"replies":[{"embeddable":true,"href":"https:\/\/www.camille-et-mathieu.fr\/site\/wp-json\/wp\/v2\/comments?post=41"}],"version-history":[{"count":9,"href":"https:\/\/www.camille-et-mathieu.fr\/site\/wp-json\/wp\/v2\/pages\/41\/revisions"}],"predecessor-version":[{"id":257,"href":"https:\/\/www.camille-et-mathieu.fr\/site\/wp-json\/wp\/v2\/pages\/41\/revisions\/257"}],"wp:attachment":[{"href":"https:\/\/www.camille-et-mathieu.fr\/site\/wp-json\/wp\/v2\/media?parent=41"}],"curies":[{"name":"wp","href":"https:\/\/api.w.org\/{rel}","templated":true}]}}