{"id":58,"date":"2024-02-05T16:24:42","date_gmt":"2024-02-05T15:24:42","guid":{"rendered":"https:\/\/www.camille-et-mathieu.fr\/site\/?page_id=58"},"modified":"2024-07-07T16:32:41","modified_gmt":"2024-07-07T14:32:41","slug":"retour-de-mariage","status":"publish","type":"page","link":"https:\/\/www.camille-et-mathieu.fr\/site\/retour-de-mariage\/","title":{"rendered":"Retour de mariage"},"content":{"rendered":"\n<p class=\"has-text-align-center\">Vous \u00eates tous les bienvenus le lendemain pour le retour de mariage, toujours au Clos Belair.<\/p>\n\n\n\n<p class=\"has-text-align-center\">Pour reprendre des forces avant la route, un vent de Bretagne vous portera !<\/p>\n\n\n\n<figure class=\"wp-block-gallery has-nested-images columns-default is-cropped wp-block-gallery-1 is-layout-flex wp-block-gallery-is-layout-flex\">\n<figure class=\"wp-block-image size-large\"><img loading=\"lazy\" decoding=\"async\" width=\"960\" height=\"600\" data-id=\"63\" src=\"https:\/\/www.camille-et-mathieu.fr\/site\/wp-content\/uploads\/2024\/02\/image-1.png\" alt=\"\" class=\"wp-image-63\" srcset=\"https:\/\/www.camille-et-mathieu.fr\/site\/wp-content\/uploads\/2024\/02\/image-1.png 960w, https:\/\/www.camille-et-mathieu.fr\/site\/wp-content\/uploads\/2024\/02\/image-1-300x188.png 300w, https:\/\/www.camille-et-mathieu.fr\/site\/wp-content\/uploads\/2024\/02\/image-1-768x480.png 768w, https:\/\/www.camille-et-mathieu.fr\/site\/wp-content\/uploads\/2024\/02\/image-1-96x60.png 96w\" sizes=\"(max-width: 960px) 100vw, 960px\" \/><\/figure>\n\n\n\n<figure class=\"wp-block-image size-large\"><img loading=\"lazy\" decoding=\"async\" width=\"1000\" height=\"750\" data-id=\"62\" src=\"https:\/\/www.camille-et-mathieu.fr\/site\/wp-content\/uploads\/2024\/02\/telegram-cloud-photo-size-4-5912173666249061092-y-1.jpg\" alt=\"\" class=\"wp-image-62\" srcset=\"https:\/\/www.camille-et-mathieu.fr\/site\/wp-content\/uploads\/2024\/02\/telegram-cloud-photo-size-4-5912173666249061092-y-1.jpg 1000w, https:\/\/www.camille-et-mathieu.fr\/site\/wp-content\/uploads\/2024\/02\/telegram-cloud-photo-size-4-5912173666249061092-y-1-300x225.jpg 300w, https:\/\/www.camille-et-mathieu.fr\/site\/wp-content\/uploads\/2024\/02\/telegram-cloud-photo-size-4-5912173666249061092-y-1-768x576.jpg 768w, https:\/\/www.camille-et-mathieu.fr\/site\/wp-content\/uploads\/2024\/02\/telegram-cloud-photo-size-4-5912173666249061092-y-1-80x60.jpg 80w\" sizes=\"(max-width: 1000px) 100vw, 1000px\" \/><\/figure>\n\n\n\n<figure class=\"wp-block-image size-large\"><img loading=\"lazy\" decoding=\"async\" width=\"900\" height=\"599\" data-id=\"64\" src=\"https:\/\/www.camille-et-mathieu.fr\/site\/wp-content\/uploads\/2024\/02\/2024-02-05-16.23.55.jpg\" alt=\"\" class=\"wp-image-64\" srcset=\"https:\/\/www.camille-et-mathieu.fr\/site\/wp-content\/uploads\/2024\/02\/2024-02-05-16.23.55.jpg 900w, https:\/\/www.camille-et-mathieu.fr\/site\/wp-content\/uploads\/2024\/02\/2024-02-05-16.23.55-300x200.jpg 300w, https:\/\/www.camille-et-mathieu.fr\/site\/wp-content\/uploads\/2024\/02\/2024-02-05-16.23.55-768x511.jpg 768w, https:\/\/www.camille-et-mathieu.fr\/site\/wp-content\/uploads\/2024\/02\/2024-02-05-16.23.55-90x60.jpg 90w, https:\/\/www.camille-et-mathieu.fr\/site\/wp-content\/uploads\/2024\/02\/2024-02-05-16.23.55-840x560.jpg 840w\" sizes=\"(max-width: 900px) 100vw, 900px\" \/><\/figure>\n<\/figure>\n\n\n\n<p>Quelques pr\u00e9cisions horaires :<\/p>\n\n\n\n<p>Un accueil caf\u00e9 se mettra en place d\u00e8s 9h pour les plus l\u00e8ve-t\u00f4t (ou ceux qui auront \u00e9t\u00e9 chass\u00e9s de leur h\u00e9bergement), suivi d&#8217;un brunch viennoiserie \u00e0 10h30, avant l&#8217;ouverture du stand galettes saucisses et du bar \u00e0 cr\u00eapes vers 12h. Le service repas prendra fin \u00e0 14h. <\/p>\n\n\n\n<p>A vous de choisir vos voisins de table cette fois-ci. <\/p>\n","protected":false},"excerpt":{"rendered":"<p>Vous \u00eates tous les bienvenus le lendemain pour le retour de mariage, toujours au Clos Belair. Pour reprendre des forces avant la route, un vent de Bretagne vous portera ! Quelques pr\u00e9cisions horaires : Un accueil caf\u00e9 se mettra en place d\u00e8s 9h pour les plus l\u00e8ve-t\u00f4t (ou ceux qui auront \u00e9t\u00e9 chass\u00e9s de leur &hellip; <\/p>\n","protected":false},"author":1,"featured_media":0,"parent":0,"menu_order":0,"comment_status":"closed","ping_status":"closed","template":"","meta":{"footnotes":""},"_links":{"self":[{"href":"https:\/\/www.camille-et-mathieu.fr\/site\/wp-json\/wp\/v2\/pages\/58"}],"collection":[{"href":"https:\/\/www.camille-et-mathieu.fr\/site\/wp-json\/wp\/v2\/pages"}],"about":[{"href":"https:\/\/www.camille-et-mathieu.fr\/site\/wp-json\/wp\/v2\/types\/page"}],"author":[{"embeddable":true,"href":"https:\/\/www.camille-et-mathieu.fr\/site\/wp-json\/wp\/v2\/users\/1"}],"replies":[{"embeddable":true,"href":"https:\/\/www.camille-et-mathieu.fr\/site\/wp-json\/wp\/v2\/comments?post=58"}],"version-history":[{"count":4,"href":"https:\/\/www.camille-et-mathieu.fr\/site\/wp-json\/wp\/v2\/pages\/58\/revisions"}],"predecessor-version":[{"id":259,"href":"https:\/\/www.camille-et-mathieu.fr\/site\/wp-json\/wp\/v2\/pages\/58\/revisions\/259"}],"wp:attachment":[{"href":"https:\/\/www.camille-et-mathieu.fr\/site\/wp-json\/wp\/v2\/media?parent=58"}],"curies":[{"name":"wp","href":"https:\/\/api.w.org\/{rel}","templated":true}]}}