{"id":68,"date":"2024-02-05T16:50:09","date_gmt":"2024-02-05T15:50:09","guid":{"rendered":"https:\/\/www.camille-et-mathieu.fr\/site\/?page_id=68"},"modified":"2024-07-07T16:22:57","modified_gmt":"2024-07-07T14:22:57","slug":"faq","status":"publish","type":"page","link":"https:\/\/www.camille-et-mathieu.fr\/site\/faq\/","title":{"rendered":"FAQ"},"content":{"rendered":"\n<p><\/p>\n\n\n\n<h2 class=\"wp-block-heading\">\u00c7a veut dire quoi FAQ au juste ?<\/h2>\n\n\n\n<p>FAQ, comme <strong>Foire Aux Questions<\/strong> ou Frequently Asked Questions (We are bilingual :D)<\/p>\n\n\n\n<h2 class=\"wp-block-heading\">\u00c7a veut dire quoi Rocafort dans votre faire-part ?<\/h2>\n\n\n\n<p>Ha ha&#8230; myst\u00e8re \ud83d\ude42<\/p>\n\n\n\n<h2 class=\"wp-block-heading\">Quelle est la date limite de r\u00e9ponse \u00e0 l&#8217;invitation ?<\/h2>\n\n\n\n<p>Le plus t\u00f4t sera le mieux. Nous avons fix\u00e9 le <strong>15 mai 2024<\/strong> comme date de r\u00e9ponse maximale. <\/p>\n\n\n\n<p><\/p>\n\n\n\n<h2 class=\"wp-block-heading\">Avez-vous un dress code particulier \u00e0 appliquer ?<\/h2>\n\n\n\n<p>Content que vous posiez la question ! Pour paraphraser un c\u00e9l\u00e8bre penseur am\u00e9ricain : <\/p>\n\n\n\n<p class=\"has-text-align-center\"><strong>Venez comme vous \u00eates<\/strong> !<\/p>\n\n\n\n<p>Si vous \u00eates plut\u00f4t jogging\/baskets, nous vous conseillons quand m\u00eame plut\u00f4t la <a href=\"https:\/\/www.troyeslachampagne.com\/agenda\/la-flamme-olympique-brillera-a-troyes\/\">c\u00e9r\u00e9monie de la flamme olympique \u00e0 Troyes<\/a>, \u00e7a tombe bien c&#8217;est le m\u00eame jour \ud83d\ude42 <\/p>\n\n\n\n<p>Si vous avez oubli\u00e9 votre valise, pas de panique, rendez-vous aux magasins d&#8217;usine <a href=\"https:\/\/www.mcarthurglen.com\/fr\/outlets\/fr\/designer-outlet-troyes\/\">McArthurGlen<\/a> <\/p>\n\n\n\n<p><\/p>\n\n\n\n<h2 class=\"wp-block-heading\"><\/h2>\n\n\n\n<h2 class=\"wp-block-heading\">Comment se rendre \u00e0 Troyes ?<\/h2>\n\n\n\n<p>Votre moyen de locomotion habituel fera l&#8217;affaire, trottinette, draisienne, parachute, catapulte, covoiturage, bus&#8230;<\/p>\n\n\n\n<p>Faites attention si vous portez votre choix sur le train, la ligne TER Paris-Troyes est en cours d&#8217;\u00e9lectrification et est souvent indisponible les week-end.<\/p>\n\n\n\n<p>Vous trouverez ici le planing <strong>pr\u00e9visionnel<\/strong> des travaux : <\/p>\n\n\n\n<div data-wp-interactive=\"\" class=\"wp-block-file\"><object data-wp-bind--hidden=\"!selectors.core.file.hasPdfPreview\" hidden class=\"wp-block-file__embed\" data=\"https:\/\/www.camille-et-mathieu.fr\/site\/wp-content\/uploads\/2024\/02\/C04-Calendrier-prA\u00a9visionnel-travaux-2024-version-du-9-janvier-2024.pdf\" type=\"application\/pdf\" style=\"width:100%;height:600px\" aria-label=\"Contenu embarqu\u00e9 C04-Calendrier-prA\u00a9visionnel-travaux-2024-version-du-9-janvier-2024.\"><\/object><a id=\"wp-block-file--media-081609dc-b459-4026-b2bd-55a6b79999ca\" href=\"https:\/\/www.camille-et-mathieu.fr\/site\/wp-content\/uploads\/2024\/02\/C04-Calendrier-prA\u00a9visionnel-travaux-2024-version-du-9-janvier-2024.pdf\">C04-Calendrier-prA\u00a9visionnel-travaux-2024-version-du-9-janvier-2024<\/a><a href=\"https:\/\/www.camille-et-mathieu.fr\/site\/wp-content\/uploads\/2024\/02\/C04-Calendrier-prA\u00a9visionnel-travaux-2024-version-du-9-janvier-2024.pdf\" class=\"wp-block-file__button wp-element-button\" download aria-describedby=\"wp-block-file--media-081609dc-b459-4026-b2bd-55a6b79999ca\">T\u00e9l\u00e9charger<\/a><\/div>\n\n\n\n<h2 class=\"wp-block-heading\">O\u00f9 loger \u00e0 Troyes ?<\/h2>\n\n\n\n<div class=\"wp-block-media-text is-stacked-on-mobile\"><figure class=\"wp-block-media-text__media\"><img loading=\"lazy\" decoding=\"async\" width=\"669\" height=\"426\" src=\"https:\/\/www.camille-et-mathieu.fr\/site\/wp-content\/uploads\/2024\/02\/media2023121316132917.jpg\" alt=\"\" class=\"wp-image-73 size-full\" srcset=\"https:\/\/www.camille-et-mathieu.fr\/site\/wp-content\/uploads\/2024\/02\/media2023121316132917.jpg 669w, https:\/\/www.camille-et-mathieu.fr\/site\/wp-content\/uploads\/2024\/02\/media2023121316132917-300x191.jpg 300w, https:\/\/www.camille-et-mathieu.fr\/site\/wp-content\/uploads\/2024\/02\/media2023121316132917-94x60.jpg 94w\" sizes=\"(max-width: 669px) 100vw, 669px\" \/><\/figure><div class=\"wp-block-media-text__content\">\n<p>Une nouvelle structure d&#8217;h\u00e9bergement collectif de masse s&#8217;est ouverte en d\u00e9cembre, pouvant accueillir uniquement des hommes majeurs, mais son taux de remplissage au mois de juillet n&#8217;est pas encore connu. <\/p>\n\n\n\n<p><em>Update au 7 juillet : \u00e7a s&#8217;est bien rempli &#8211; x5 depuis l&#8217;ouverture du site ! <\/em><\/p>\n\n\n\n<p>Aussi, on vous conseille davantage les h\u00e9bergements classiques : h\u00f4tels, g\u00eetes, airbnb&#8230;<\/p>\n<\/div><\/div>\n\n\n\n<p><\/p>\n\n\n\n<h2 class=\"wp-block-heading\">Les animaux sont-ils vraiment interdits ?<\/h2>\n\n\n\n<div class=\"wp-block-media-text is-stacked-on-mobile\"><figure class=\"wp-block-media-text__media\"><img loading=\"lazy\" decoding=\"async\" width=\"900\" height=\"598\" src=\"https:\/\/www.camille-et-mathieu.fr\/site\/wp-content\/uploads\/2024\/02\/bigstock-Stray-Sad-Black-White-Dog-In-A-302661286.jpg\" alt=\"\" class=\"wp-image-77 size-full\" srcset=\"https:\/\/www.camille-et-mathieu.fr\/site\/wp-content\/uploads\/2024\/02\/bigstock-Stray-Sad-Black-White-Dog-In-A-302661286.jpg 900w, https:\/\/www.camille-et-mathieu.fr\/site\/wp-content\/uploads\/2024\/02\/bigstock-Stray-Sad-Black-White-Dog-In-A-302661286-300x199.jpg 300w, https:\/\/www.camille-et-mathieu.fr\/site\/wp-content\/uploads\/2024\/02\/bigstock-Stray-Sad-Black-White-Dog-In-A-302661286-768x510.jpg 768w, https:\/\/www.camille-et-mathieu.fr\/site\/wp-content\/uploads\/2024\/02\/bigstock-Stray-Sad-Black-White-Dog-In-A-302661286-90x60.jpg 90w\" sizes=\"(max-width: 900px) 100vw, 900px\" \/><\/figure><div class=\"wp-block-media-text__content\">\n<p>Malheureusement, oui, la salle de r\u00e9ception n&#8217;autorise pas leur venue sur site.<\/p>\n\n\n\n<p>C&#8217;est l&#8217;occasion pour eux d&#8217;avoir aussi quelques jours de vacances pour mieux se retrouver apr\u00e8s \ud83d\ude42<\/p>\n\n\n\n<p><em>Merci \u00e0 tous ceux qui s&#8217;en occupent le temps de la f\u00eate !<\/em><\/p>\n<\/div><\/div>\n\n\n\n<p><\/p>\n\n\n\n<h2 class=\"wp-block-heading\">J&#8217;ai des allergies \/ r\u00e9gime alimentaire sp\u00e9cifique<\/h2>\n\n\n\n<div class=\"wp-block-media-text is-stacked-on-mobile\"><figure class=\"wp-block-media-text__media\"><img loading=\"lazy\" decoding=\"async\" width=\"497\" height=\"492\" src=\"https:\/\/www.camille-et-mathieu.fr\/site\/wp-content\/uploads\/2024\/02\/Capture-decran-2024-02-05-a-17.12.13.png\" alt=\"\" class=\"wp-image-81 size-full\" srcset=\"https:\/\/www.camille-et-mathieu.fr\/site\/wp-content\/uploads\/2024\/02\/Capture-decran-2024-02-05-a-17.12.13.png 497w, https:\/\/www.camille-et-mathieu.fr\/site\/wp-content\/uploads\/2024\/02\/Capture-decran-2024-02-05-a-17.12.13-300x297.png 300w, https:\/\/www.camille-et-mathieu.fr\/site\/wp-content\/uploads\/2024\/02\/Capture-decran-2024-02-05-a-17.12.13-61x60.png 61w\" sizes=\"(max-width: 497px) 100vw, 497px\" \/><\/figure><div class=\"wp-block-media-text__content\">\n<p>Pas de panique, notre traiteur sera \u00e0 l&#8217;\u00e9coute, et s&#8217;adaptera autant qu&#8217;il peut. <\/p>\n\n\n\n<p>Pensez \u00e0 nous pr\u00e9venir le plus t\u00f4t possible, via notre<a href=\"https:\/\/www.camille-et-mathieu.fr\/site\/?page_id=83\" data-type=\"link\" data-id=\"https:\/\/www.camille-et-mathieu.fr\/site\/?page_id=83\"> formulaire de contact<\/a> sur le site.<\/p>\n<\/div><\/div>\n\n\n\n<p><\/p>\n\n\n\n<h2 class=\"wp-block-heading\">Je n&#8217;ai pas vu d&#8217;onglet &#8220;Eglise&#8221; ?<\/h2>\n\n\n\n<div class=\"wp-block-media-text is-stacked-on-mobile\"><figure class=\"wp-block-media-text__media\"><img loading=\"lazy\" decoding=\"async\" width=\"225\" height=\"225\" src=\"https:\/\/www.camille-et-mathieu.fr\/site\/wp-content\/uploads\/2024\/02\/images.jpeg\" alt=\"\" class=\"wp-image-100 size-full\" srcset=\"https:\/\/www.camille-et-mathieu.fr\/site\/wp-content\/uploads\/2024\/02\/images.jpeg 225w, https:\/\/www.camille-et-mathieu.fr\/site\/wp-content\/uploads\/2024\/02\/images-150x150.jpeg 150w, https:\/\/www.camille-et-mathieu.fr\/site\/wp-content\/uploads\/2024\/02\/images-60x60.jpeg 60w\" sizes=\"(max-width: 225px) 100vw, 225px\" \/><\/figure><div class=\"wp-block-media-text__content\">\n<p>Tout simplement parce que ce n&#8217;est pas au programme. Les plus observateurs l&#8217;auront aper\u00e7ue en photo derri\u00e8re la mairie.<\/p>\n<\/div><\/div>\n\n\n\n<h2 class=\"wp-block-heading\">Y&#8217;aura-t-il un plan de table ?<\/h2>\n\n\n\n<div class=\"wp-block-media-text is-stacked-on-mobile\"><figure class=\"wp-block-media-text__media\"><img loading=\"lazy\" decoding=\"async\" width=\"857\" height=\"762\" src=\"https:\/\/www.camille-et-mathieu.fr\/site\/wp-content\/uploads\/2024\/03\/Capture-decran-2024-03-17-a-15.30.49.png\" alt=\"\" class=\"wp-image-230 size-full\" srcset=\"https:\/\/www.camille-et-mathieu.fr\/site\/wp-content\/uploads\/2024\/03\/Capture-decran-2024-03-17-a-15.30.49.png 857w, https:\/\/www.camille-et-mathieu.fr\/site\/wp-content\/uploads\/2024\/03\/Capture-decran-2024-03-17-a-15.30.49-300x267.png 300w, https:\/\/www.camille-et-mathieu.fr\/site\/wp-content\/uploads\/2024\/03\/Capture-decran-2024-03-17-a-15.30.49-768x683.png 768w, https:\/\/www.camille-et-mathieu.fr\/site\/wp-content\/uploads\/2024\/03\/Capture-decran-2024-03-17-a-15.30.49-67x60.png 67w\" sizes=\"(max-width: 857px) 100vw, 857px\" \/><\/figure><div class=\"wp-block-media-text__content\">\n<p>Pas de plan de table au programme, chacun s&#8217;assoit o\u00f9 il veut.<\/p>\n\n\n\n<p>Non on rigole, on voudrait pas louper des occasions de se prendre la t\u00eate \ud83d\ude00<\/p>\n\n\n\n<p>En attendant l&#8217;officiel, voici un plan de La Table (<a href=\"https:\/\/fr.wikipedia.org\/wiki\/La_Table\">https:\/\/fr.wikipedia.org\/wiki\/La_Table<\/a>)<\/p>\n<\/div><\/div>\n\n\n\n<p><\/p>\n\n\n\n<h2 class=\"wp-block-heading\" id=\"ketchup\">Y&#8217;aura-t-il du ketchup ?<\/h2>\n\n\n\n<div class=\"wp-block-media-text is-stacked-on-mobile\"><figure class=\"wp-block-media-text__media\"><img loading=\"lazy\" decoding=\"async\" width=\"1024\" height=\"512\" src=\"https:\/\/www.camille-et-mathieu.fr\/site\/wp-content\/uploads\/2024\/02\/232397-homemade-ketchup-ddmfs-28-4x339-2x1-f7eec99de30547a68f0874309605a916-1024x512.jpg\" alt=\"\" class=\"wp-image-98 size-full\" srcset=\"https:\/\/www.camille-et-mathieu.fr\/site\/wp-content\/uploads\/2024\/02\/232397-homemade-ketchup-ddmfs-28-4x339-2x1-f7eec99de30547a68f0874309605a916-1024x512.jpg 1024w, https:\/\/www.camille-et-mathieu.fr\/site\/wp-content\/uploads\/2024\/02\/232397-homemade-ketchup-ddmfs-28-4x339-2x1-f7eec99de30547a68f0874309605a916-300x150.jpg 300w, https:\/\/www.camille-et-mathieu.fr\/site\/wp-content\/uploads\/2024\/02\/232397-homemade-ketchup-ddmfs-28-4x339-2x1-f7eec99de30547a68f0874309605a916-768x384.jpg 768w, https:\/\/www.camille-et-mathieu.fr\/site\/wp-content\/uploads\/2024\/02\/232397-homemade-ketchup-ddmfs-28-4x339-2x1-f7eec99de30547a68f0874309605a916-120x60.jpg 120w, https:\/\/www.camille-et-mathieu.fr\/site\/wp-content\/uploads\/2024\/02\/232397-homemade-ketchup-ddmfs-28-4x339-2x1-f7eec99de30547a68f0874309605a916.jpg 1500w\" sizes=\"(max-width: 1024px) 100vw, 1024px\" \/><\/figure><div class=\"wp-block-media-text__content\">\n<p><\/p>\n\n\n\n<p>Oui, nous avons nomm\u00e9 Gr\u00e9goire en tant que responsable de la distribution de ketchup \ud83d\ude00<\/p>\n<\/div><\/div>\n\n\n\n<h2 class=\"wp-block-heading\">Y&#8217;aura-t-il de la soupe \u00e0 l&#8217;oignon ?<\/h2>\n\n\n\n<div class=\"wp-block-media-text is-stacked-on-mobile\"><figure class=\"wp-block-media-text__media\"><img loading=\"lazy\" decoding=\"async\" width=\"1024\" height=\"1024\" src=\"https:\/\/www.camille-et-mathieu.fr\/site\/wp-content\/uploads\/2024\/02\/82641_w1024h1024c1cx2136cy1424cxt0cyt0cxb4272cyb2848.jpg\" alt=\"\" class=\"wp-image-148 size-full\" srcset=\"https:\/\/www.camille-et-mathieu.fr\/site\/wp-content\/uploads\/2024\/02\/82641_w1024h1024c1cx2136cy1424cxt0cyt0cxb4272cyb2848.jpg 1024w, https:\/\/www.camille-et-mathieu.fr\/site\/wp-content\/uploads\/2024\/02\/82641_w1024h1024c1cx2136cy1424cxt0cyt0cxb4272cyb2848-300x300.jpg 300w, https:\/\/www.camille-et-mathieu.fr\/site\/wp-content\/uploads\/2024\/02\/82641_w1024h1024c1cx2136cy1424cxt0cyt0cxb4272cyb2848-150x150.jpg 150w, https:\/\/www.camille-et-mathieu.fr\/site\/wp-content\/uploads\/2024\/02\/82641_w1024h1024c1cx2136cy1424cxt0cyt0cxb4272cyb2848-768x768.jpg 768w, https:\/\/www.camille-et-mathieu.fr\/site\/wp-content\/uploads\/2024\/02\/82641_w1024h1024c1cx2136cy1424cxt0cyt0cxb4272cyb2848-60x60.jpg 60w\" sizes=\"(max-width: 1024px) 100vw, 1024px\" \/><\/figure><div class=\"wp-block-media-text__content\">\n<p>Excellente question ! <\/p>\n\n\n\n<p id=\"soupe-oignon\">Ce n&#8217;\u00e9tait pas au programme initial, mais une \u00e2me charitable s&#8217;est propos\u00e9e pour nous r\u00e9galer dans la nuit !<\/p>\n\n\n\n<p>On applaudit M. Bin\u00e9truy  \u2764\ufe0f<\/p>\n\n\n\n<p><\/p>\n<\/div><\/div>\n\n\n\n<h2 class=\"wp-block-heading\">Y&#8217;aura-t-il une salle d\u00e9di\u00e9e pour les enfants ?<\/h2>\n\n\n\n<div class=\"wp-block-media-text is-stacked-on-mobile\"><figure class=\"wp-block-media-text__media\"><img loading=\"lazy\" decoding=\"async\" width=\"773\" height=\"404\" src=\"https:\/\/www.camille-et-mathieu.fr\/site\/wp-content\/uploads\/2024\/02\/Capture-decran-2024-02-05-a-21.30.01.png\" alt=\"\" class=\"wp-image-99 size-full\" srcset=\"https:\/\/www.camille-et-mathieu.fr\/site\/wp-content\/uploads\/2024\/02\/Capture-decran-2024-02-05-a-21.30.01.png 773w, https:\/\/www.camille-et-mathieu.fr\/site\/wp-content\/uploads\/2024\/02\/Capture-decran-2024-02-05-a-21.30.01-300x157.png 300w, https:\/\/www.camille-et-mathieu.fr\/site\/wp-content\/uploads\/2024\/02\/Capture-decran-2024-02-05-a-21.30.01-768x401.png 768w, https:\/\/www.camille-et-mathieu.fr\/site\/wp-content\/uploads\/2024\/02\/Capture-decran-2024-02-05-a-21.30.01-115x60.png 115w\" sizes=\"(max-width: 773px) 100vw, 773px\" \/><\/figure><div class=\"wp-block-media-text__content\">\n<p>Non, il n&#8217;y a pas de salle \u00e0 part.<\/p>\n\n\n\n<p>N\u00e9anmoins nous avons pr\u00e9vu des jeux ext\u00e9rieurs et int\u00e9rieurs pour tous les \u00e2ges.<\/p>\n\n\n\n<p>Aussi, nous pourrons mettre \u00e0 disposition un micro-ondes, table \u00e0 langer, et chaise haute.<\/p>\n<\/div><\/div>\n\n\n\n<p><\/p>\n\n\n\n<h2 class=\"wp-block-heading\">Avez-vous des plans \u00e0 Troyes ?<\/h2>\n\n\n\n<figure class=\"wp-block-image size-full\"><img loading=\"lazy\" decoding=\"async\" width=\"725\" height=\"483\" src=\"https:\/\/www.camille-et-mathieu.fr\/site\/wp-content\/uploads\/2024\/02\/5dae88a3-ac2c-4691-9468-234a90341c3e.jpeg\" alt=\"\" class=\"wp-image-108\" srcset=\"https:\/\/www.camille-et-mathieu.fr\/site\/wp-content\/uploads\/2024\/02\/5dae88a3-ac2c-4691-9468-234a90341c3e.jpeg 725w, https:\/\/www.camille-et-mathieu.fr\/site\/wp-content\/uploads\/2024\/02\/5dae88a3-ac2c-4691-9468-234a90341c3e-300x200.jpeg 300w, https:\/\/www.camille-et-mathieu.fr\/site\/wp-content\/uploads\/2024\/02\/5dae88a3-ac2c-4691-9468-234a90341c3e-90x60.jpeg 90w\" sizes=\"(max-width: 725px) 100vw, 725px\" \/><\/figure>\n\n\n\n<p><\/p>\n\n\n\n<p>A quoi vous pensiez petits coquins \ud83d\ude00 ?<\/p>\n\n\n\n<p>Voila quelques activit\u00e9s que vous pouvez faire \u00e0 Troyes (ou \u00e0 plus :D) : <\/p>\n\n\n\n<p><a href=\"https:\/\/www.tripadvisor.fr\/Attractions-g187138-Activities-Troyes_Aube_Grand_Est.html\">https:\/\/www.tripadvisor.fr\/Attractions-g187138-Activities-Troyes_Aube_Grand_Est.html<\/a><\/p>\n\n\n\n<p>En ce qui nous concerne, nous comptons faire la f\u00eate jusqu&#8217;\u00e0 l&#8217;Aube.<\/p>\n\n\n\n<h2 class=\"wp-block-heading\">Je n&#8217;ai pas re\u00e7u de faire-part ?<\/h2>\n\n\n\n<div class=\"wp-block-media-text is-stacked-on-mobile\"><figure class=\"wp-block-media-text__media\"><img loading=\"lazy\" decoding=\"async\" width=\"804\" height=\"492\" src=\"https:\/\/www.camille-et-mathieu.fr\/site\/wp-content\/uploads\/2024\/02\/La_Poste.webp\" alt=\"\" class=\"wp-image-151 size-full\" srcset=\"https:\/\/www.camille-et-mathieu.fr\/site\/wp-content\/uploads\/2024\/02\/La_Poste.webp 804w, https:\/\/www.camille-et-mathieu.fr\/site\/wp-content\/uploads\/2024\/02\/La_Poste-300x184.webp 300w, https:\/\/www.camille-et-mathieu.fr\/site\/wp-content\/uploads\/2024\/02\/La_Poste-768x470.webp 768w, https:\/\/www.camille-et-mathieu.fr\/site\/wp-content\/uploads\/2024\/02\/La_Poste-98x60.webp 98w\" sizes=\"(max-width: 804px) 100vw, 804px\" \/><\/figure><div class=\"wp-block-media-text__content\">\n<p>Hum. <\/p>\n\n\n\n<p>C&#8217;est bizarre, on a pourtant pris les services des meilleurs facteurs \u00e0 la poste.<\/p>\n\n\n\n<p>Une petite question cependant : comment \u00eates-vous arriv\u00e9 ici ? \ud83d\ude0b<\/p>\n\n\n\n<p><strong>Mise \u00e0 jour<\/strong>: On aurait du payer plus cher le facteur, on a du faire un deuxi\u00e8me envoi pour quelques personnes. <em>Si vous ne l&#8217;avez toujours pas re\u00e7u, c&#8217;est que vous n&#8217;\u00e9tiez pas invit\u00e9 et n&#8217;avez rien \u00e0 faire ici !<\/em><\/p>\n\n\n\n<p><\/p>\n<\/div><\/div>\n\n\n\n<p><\/p>\n\n\n\n<h2 class=\"wp-block-heading\">Y&#8217;a-t-il une liste de mariage ?<\/h2>\n\n\n\n<div class=\"wp-block-media-text is-stacked-on-mobile\"><figure class=\"wp-block-media-text__media\"><img loading=\"lazy\" decoding=\"async\" width=\"924\" height=\"401\" src=\"https:\/\/www.camille-et-mathieu.fr\/site\/wp-content\/uploads\/2024\/03\/liste-de-mariage.jpg\" alt=\"\" class=\"wp-image-236 size-full\" srcset=\"https:\/\/www.camille-et-mathieu.fr\/site\/wp-content\/uploads\/2024\/03\/liste-de-mariage.jpg 924w, https:\/\/www.camille-et-mathieu.fr\/site\/wp-content\/uploads\/2024\/03\/liste-de-mariage-300x130.jpg 300w, https:\/\/www.camille-et-mathieu.fr\/site\/wp-content\/uploads\/2024\/03\/liste-de-mariage-768x333.jpg 768w, https:\/\/www.camille-et-mathieu.fr\/site\/wp-content\/uploads\/2024\/03\/liste-de-mariage-138x60.jpg 138w\" sizes=\"(max-width: 924px) 100vw, 924px\" \/><\/figure><div class=\"wp-block-media-text__content\">\n<p>Nous n&#8217;avons pas de liste de mariage, plut\u00f4t une liste de destinations \u00e0 d\u00e9couvrir en famille. Si vous le souhaitez, une urne sera disponible le jour J \ud83d\ude42<\/p>\n\n\n\n<p><\/p>\n<\/div><\/div>\n\n\n\n<p><\/p>\n\n\n\n<h2 class=\"wp-block-heading\">Y&#8217;aura-t-il des goodies ?<\/h2>\n\n\n\n<div class=\"wp-block-media-text is-stacked-on-mobile\"><figure class=\"wp-block-media-text__media\"><img loading=\"lazy\" decoding=\"async\" width=\"896\" height=\"598\" src=\"https:\/\/www.camille-et-mathieu.fr\/site\/wp-content\/uploads\/2024\/03\/001012692_896x598_c.jpg\" alt=\"\" class=\"wp-image-239 size-full\" srcset=\"https:\/\/www.camille-et-mathieu.fr\/site\/wp-content\/uploads\/2024\/03\/001012692_896x598_c.jpg 896w, https:\/\/www.camille-et-mathieu.fr\/site\/wp-content\/uploads\/2024\/03\/001012692_896x598_c-300x200.jpg 300w, https:\/\/www.camille-et-mathieu.fr\/site\/wp-content\/uploads\/2024\/03\/001012692_896x598_c-768x513.jpg 768w, https:\/\/www.camille-et-mathieu.fr\/site\/wp-content\/uploads\/2024\/03\/001012692_896x598_c-90x60.jpg 90w, https:\/\/www.camille-et-mathieu.fr\/site\/wp-content\/uploads\/2024\/03\/001012692_896x598_c-840x560.jpg 840w\" sizes=\"(max-width: 896px) 100vw, 896px\" \/><\/figure><div class=\"wp-block-media-text__content\">\n<p>Oui, la future mari\u00e9e ne voyait pas un mariage sans goodies \ud83d\ude01, peut-\u00eatre m\u00eame un concours qui sait, vu son attrait pour les jeux^^<\/p>\n\n\n\n<p>Sympa les goodies ! <\/p>\n<\/div><\/div>\n\n\n\n<p><\/p>\n\n\n\n<h2 class=\"wp-block-heading\">Aura-t-on une r\u00e9ponse sur la signification de Rocafort ?<\/h2>\n\n\n\n<p>Apr\u00e8s plusieurs verres, vous devriez trouver normalement.<\/p>\n\n\n\n<p>On offre un verre \u00e0 celui qui trouve.<\/p>\n\n\n\n<p><\/p>\n\n\n\n<h2 class=\"wp-block-heading\">Ma question n&#8217;est pas r\u00e9f\u00e9renc\u00e9e ici ?<\/h2>\n\n\n\n<p>C&#8217;est qu&#8217;elle ne doit pas \u00eatre int\u00e9ressante.<\/p>\n\n\n\n<p>On rigole bien-s\u00fbr, on prend toute question tr\u00e8s au s\u00e9rieux, vous pouvez nous les envoyer via le formulaire ci-dessous : <\/p>\n\n\n\n<div class=\"wp-block-contact-form-7-contact-form-selector\">\n<div class=\"wpcf7 no-js\" id=\"wpcf7-f7-o1\" lang=\"fr-FR\" dir=\"ltr\">\n<div class=\"screen-reader-response\"><p role=\"status\" aria-live=\"polite\" aria-atomic=\"true\"><\/p> <ul><\/ul><\/div>\n<form action=\"\/site\/wp-json\/wp\/v2\/pages\/68#wpcf7-f7-o1\" method=\"post\" class=\"wpcf7-form init\" aria-label=\"Formulaire de contact\" novalidate=\"novalidate\" data-status=\"init\">\n<div style=\"display: none;\">\n<input type=\"hidden\" name=\"_wpcf7\" value=\"7\" \/>\n<input type=\"hidden\" name=\"_wpcf7_version\" value=\"5.8.6\" \/>\n<input type=\"hidden\" name=\"_wpcf7_locale\" value=\"fr_FR\" \/>\n<input type=\"hidden\" name=\"_wpcf7_unit_tag\" value=\"wpcf7-f7-o1\" \/>\n<input type=\"hidden\" name=\"_wpcf7_container_post\" value=\"0\" \/>\n<input type=\"hidden\" name=\"_wpcf7_posted_data_hash\" value=\"\" \/>\n<\/div>\n<p><label> Votre nom<br \/>\n<span class=\"wpcf7-form-control-wrap\" data-name=\"your-name\"><input size=\"40\" class=\"wpcf7-form-control wpcf7-text wpcf7-validates-as-required\" autocomplete=\"name\" aria-required=\"true\" aria-invalid=\"false\" value=\"\" type=\"text\" name=\"your-name\" \/><\/span> <\/label>\n<\/p>\n<p><label> Votre email<br \/>\n<span class=\"wpcf7-form-control-wrap\" data-name=\"your-email\"><input size=\"40\" class=\"wpcf7-form-control wpcf7-email wpcf7-validates-as-required wpcf7-text wpcf7-validates-as-email\" autocomplete=\"email\" aria-required=\"true\" aria-invalid=\"false\" value=\"\" type=\"email\" name=\"your-email\" \/><\/span> <\/label>\n<\/p>\n<p><label> Sujet<br \/>\n<span class=\"wpcf7-form-control-wrap\" data-name=\"your-subject\"><input size=\"40\" class=\"wpcf7-form-control wpcf7-text wpcf7-validates-as-required\" aria-required=\"true\" aria-invalid=\"false\" value=\"\" type=\"text\" name=\"your-subject\" \/><\/span> <\/label>\n<\/p>\n<p><label> Message (optional)<br \/>\n<span class=\"wpcf7-form-control-wrap\" data-name=\"your-message\"><textarea cols=\"40\" rows=\"10\" class=\"wpcf7-form-control wpcf7-textarea\" aria-invalid=\"false\" name=\"your-message\"><\/textarea><\/span> <\/label>\n<\/p>\n<p><input class=\"wpcf7-form-control wpcf7-submit has-spinner\" type=\"submit\" value=\"Submit\" \/>\n<\/p><div class=\"wpcf7-response-output\" aria-hidden=\"true\"><\/div>\n<\/form>\n<\/div>\n<\/div>\n","protected":false},"excerpt":{"rendered":"<p>\u00c7a veut dire quoi FAQ au juste ? FAQ, comme Foire Aux Questions ou Frequently Asked Questions (We are bilingual :D) \u00c7a veut dire quoi Rocafort dans votre faire-part ? Ha ha&#8230; myst\u00e8re \ud83d\ude42 Quelle est la date limite de r\u00e9ponse \u00e0 l&#8217;invitation ? Le plus t\u00f4t sera le mieux. Nous avons fix\u00e9 le 15 &hellip; <\/p>\n","protected":false},"author":1,"featured_media":0,"parent":0,"menu_order":0,"comment_status":"closed","ping_status":"closed","template":"","meta":{"footnotes":""},"_links":{"self":[{"href":"https:\/\/www.camille-et-mathieu.fr\/site\/wp-json\/wp\/v2\/pages\/68"}],"collection":[{"href":"https:\/\/www.camille-et-mathieu.fr\/site\/wp-json\/wp\/v2\/pages"}],"about":[{"href":"https:\/\/www.camille-et-mathieu.fr\/site\/wp-json\/wp\/v2\/types\/page"}],"author":[{"embeddable":true,"href":"https:\/\/www.camille-et-mathieu.fr\/site\/wp-json\/wp\/v2\/users\/1"}],"replies":[{"embeddable":true,"href":"https:\/\/www.camille-et-mathieu.fr\/site\/wp-json\/wp\/v2\/comments?post=68"}],"version-history":[{"count":39,"href":"https:\/\/www.camille-et-mathieu.fr\/site\/wp-json\/wp\/v2\/pages\/68\/revisions"}],"predecessor-version":[{"id":255,"href":"https:\/\/www.camille-et-mathieu.fr\/site\/wp-json\/wp\/v2\/pages\/68\/revisions\/255"}],"wp:attachment":[{"href":"https:\/\/www.camille-et-mathieu.fr\/site\/wp-json\/wp\/v2\/media?parent=68"}],"curies":[{"name":"wp","href":"https:\/\/api.w.org\/{rel}","templated":true}]}}